{"id":5302,"date":"2022-03-29T19:15:53","date_gmt":"2022-03-29T19:15:53","guid":{"rendered":"https:\/\/fermentedfood.eu\/?post_type=product&#038;p=5302"},"modified":"2026-01-10T14:23:21","modified_gmt":"2026-01-10T14:23:21","slug":"zoe-buckwheat-organic-fermented-drink-concentrate-0-75-l","status":"publish","type":"product","link":"https:\/\/fermentedfood.eu\/lt\/produktas\/zoe-buckwheat-organic-fermented-drink-concentrate-0-75-l\/","title":{"rendered":"ZOE BUCKWHEAT ekologi\u0161ko fermentuoto g\u0117rimo koncentratas, 0,75 L"},"content":{"rendered":"<p>ZOE g\u0117rimo koncentrato sud\u0117tyje esan\u010dios gyvos gerosios bakterijos padeda palaikyti ger\u0173j\u0173 ir blog\u0173j\u0173 bakterij\u0173 pusiausvyr\u0105 organizme, stiprina imunin\u0119 sistem\u0105, padeda atsikratyti vir\u0161kinimo problem\u0173.<\/p>\n<p>Sudedamosios dalys: vanduo, ekologi\u0161ki grikiai 10%, r\u016bgpienis (biologi\u0161kai aktyvi\u0173 pieno ir bifidobakterij\u0173 kult\u016bros), r\u016bg\u0161tingum\u0105 reguliuojanti med\u017eiaga natrio bikarbonatas.<\/p>\n<p>Maistin\u0117 vert\u0117 100 g produkto: riebal\u0173 0,3 g, i\u0161 j\u0173 0,072 g so\u010di\u0173j\u0173 riebal\u0173 r\u016bg\u0161\u010di\u0173, angliavandeni\u0173 4,1 g, i\u0161 j\u0173 0,8 g cukr\u0173, baltym\u0173 1,3 g, druskos 0,55 g.<\/p>\n<p>Ma\u017eiausias reikiamas kiekis - 1 arbatinis \u0161auk\u0161telis \u012f stiklin\u0119 g\u0117rimo arba kaip pada\u017eas prie kiekvieno patiekalo. Tai n\u0117ra vaistas ar maisto papildas.<\/p>","protected":false},"excerpt":{"rendered":"<p>Tai ekologi\u0161kas, probiotinis, fermentuotas, biologi\u0161kai aktyvus g\u0117rimo koncentratas, prisotintas gyv\u0173 ger\u0173j\u0173 bakterij\u0173. Viename grame ZOE produkt\u0173 yra iki 4 mlrd. gyv\u0173 ger\u0173j\u0173 bakterij\u0173. Palyginimui, unikaliuose ZOE produktuose yra apie 40 ton\u0173 kefyro arba jogurto. I\u0161skirtinis produkto bruo\u017eas - r\u016bg\u0161tin\u0117 nat\u016bralaus kvapo ir skonio terp\u0117, puikiai pritaikyta ger\u0173j\u0173 bakterij\u0173 dauginimuisi ir \u012fvairi\u0173 nauding\u0173 med\u017eiag\u0173 \u012fsisavinimui, tinkama tiek suaugusiesiems, tiek vaikams. Ne veltui sakome: ZOE - puiki \u0161eimos gerov\u0117!<\/p>","protected":false},"featured_media":5870,"comment_status":"open","ping_status":"closed","template":"","meta":{"site-sidebar-layout":"default","site-content-layout":"default","ast-main-header-display":"","ast-hfb-above-header-display":"","ast-hfb-below-header-display":"","ast-hfb-mobile-header-display":"","site-post-title":"","ast-breadcrumbs-content":"","ast-featured-img":"","footer-sml-layout":"","theme-transparent-header-meta":"default","adv-header-id-meta":"","stick-header-meta":"","header-above-stick-meta":"","header-main-stick-meta":"","header-below-stick-meta":""},"product_cat":[15],"product_tag":[],"yoast_head":"<!-- This site is optimized with the Yoast SEO plugin v19.3 - https:\/\/yoast.com\/wordpress\/plugins\/seo\/ -->\n<title>ZOE BUCKWHEAT organic fermented drink concentrate, 0.75 L - EcoZOE<\/title>\n<meta name=\"robots\" content=\"index, follow, max-snippet:-1, max-image-preview:large, max-video-preview:-1\" \/>\n<link rel=\"canonical\" href=\"https:\/\/fermentedfood.eu\/lt\/produktas\/zoe-buckwheat-organic-fermented-drink-concentrate-0-75-l\/\" \/>\n<meta property=\"og:locale\" content=\"lt_LT\" \/>\n<meta property=\"og:type\" content=\"article\" \/>\n<meta property=\"og:title\" content=\"ZOE BUCKWHEAT organic fermented drink concentrate, 0.75 L - EcoZOE\" \/>\n<meta property=\"og:description\" content=\"It is an organic, probiotic, fermented, biologically active beverage concentrate saturated with live good bacteria. There are up to 4 billion live good bacteria per gram of ZOE products. By comparison, unique ZOE products contain about 40 tons of kefir or yogurt. The distinctive feature of the product is an acidic medium with a natural smell and taste, perfectly adapted to the reproduction of good bacteria and the absorption of various useful substances, suitable for both adults and children. It is not for nothing that we say: ZOE - for great family well-being!\" \/>\n<meta property=\"og:url\" content=\"https:\/\/fermentedfood.eu\/lt\/produktas\/zoe-buckwheat-organic-fermented-drink-concentrate-0-75-l\/\" \/>\n<meta property=\"og:site_name\" content=\"EcoZOE\" \/>\n<meta property=\"article:modified_time\" content=\"2026-01-10T14:23:21+00:00\" \/>\n<meta property=\"og:image\" content=\"http:\/\/fermentedfood.eu\/wp-content\/uploads\/2022\/03\/Grikiu.jpg\" \/>\n\t<meta property=\"og:image:width\" content=\"2500\" \/>\n\t<meta property=\"og:image:height\" content=\"2500\" \/>\n\t<meta property=\"og:image:type\" content=\"image\/jpeg\" \/>\n<meta name=\"twitter:card\" content=\"summary_large_image\" \/>\n<meta name=\"twitter:label1\" content=\"Est. reading time\" \/>\n\t<meta name=\"twitter:data1\" content=\"1 minut\u0117\" \/>\n<script type=\"application\/ld+json\" class=\"yoast-schema-graph\">{\"@context\":\"https:\/\/schema.org\",\"@graph\":[{\"@type\":\"Organization\",\"@id\":\"https:\/\/fermentedfood.eu\/#organization\",\"name\":\"EcoZOE\",\"url\":\"https:\/\/fermentedfood.eu\/\",\"sameAs\":[],\"logo\":{\"@type\":\"ImageObject\",\"inLanguage\":\"lt-LT\",\"@id\":\"https:\/\/fermentedfood.eu\/#\/schema\/logo\/image\/\",\"url\":\"https:\/\/fermentedfood.eu\/wp-content\/uploads\/2023\/07\/363802608_728630809031050_7379004322932605791_n.jpg\",\"contentUrl\":\"https:\/\/fermentedfood.eu\/wp-content\/uploads\/2023\/07\/363802608_728630809031050_7379004322932605791_n.jpg\",\"width\":832,\"height\":636,\"caption\":\"EcoZOE\"},\"image\":{\"@id\":\"https:\/\/fermentedfood.eu\/#\/schema\/logo\/image\/\"}},{\"@type\":\"WebSite\",\"@id\":\"https:\/\/fermentedfood.eu\/#website\",\"url\":\"https:\/\/fermentedfood.eu\/\",\"name\":\"EcoZOE\",\"description\":\"ZOE products shop\",\"publisher\":{\"@id\":\"https:\/\/fermentedfood.eu\/#organization\"},\"potentialAction\":[{\"@type\":\"SearchAction\",\"target\":{\"@type\":\"EntryPoint\",\"urlTemplate\":\"https:\/\/fermentedfood.eu\/?s={search_term_string}\"},\"query-input\":\"required name=search_term_string\"}],\"inLanguage\":\"lt-LT\"},{\"@type\":\"ImageObject\",\"inLanguage\":\"lt-LT\",\"@id\":\"https:\/\/fermentedfood.eu\/product\/zoe-buckwheat-organic-fermented-drink-concentrate-0-75-l\/#primaryimage\",\"url\":\"https:\/\/fermentedfood.eu\/wp-content\/uploads\/2022\/03\/Grikiu.jpg\",\"contentUrl\":\"https:\/\/fermentedfood.eu\/wp-content\/uploads\/2022\/03\/Grikiu.jpg\",\"width\":2500,\"height\":2500},{\"@type\":\"WebPage\",\"@id\":\"https:\/\/fermentedfood.eu\/product\/zoe-buckwheat-organic-fermented-drink-concentrate-0-75-l\/\",\"url\":\"https:\/\/fermentedfood.eu\/product\/zoe-buckwheat-organic-fermented-drink-concentrate-0-75-l\/\",\"name\":\"ZOE BUCKWHEAT organic fermented drink concentrate, 0.75 L - EcoZOE\",\"isPartOf\":{\"@id\":\"https:\/\/fermentedfood.eu\/#website\"},\"primaryImageOfPage\":{\"@id\":\"https:\/\/fermentedfood.eu\/product\/zoe-buckwheat-organic-fermented-drink-concentrate-0-75-l\/#primaryimage\"},\"datePublished\":\"2022-03-29T19:15:53+00:00\",\"dateModified\":\"2026-01-10T14:23:21+00:00\",\"breadcrumb\":{\"@id\":\"https:\/\/fermentedfood.eu\/product\/zoe-buckwheat-organic-fermented-drink-concentrate-0-75-l\/#breadcrumb\"},\"inLanguage\":\"lt-LT\",\"potentialAction\":[{\"@type\":\"ReadAction\",\"target\":[\"https:\/\/fermentedfood.eu\/product\/zoe-buckwheat-organic-fermented-drink-concentrate-0-75-l\/\"]}]},{\"@type\":\"BreadcrumbList\",\"@id\":\"https:\/\/fermentedfood.eu\/product\/zoe-buckwheat-organic-fermented-drink-concentrate-0-75-l\/#breadcrumb\",\"itemListElement\":[{\"@type\":\"ListItem\",\"position\":1,\"name\":\"Home\",\"item\":\"https:\/\/fermentedfood.eu\/\"},{\"@type\":\"ListItem\",\"position\":2,\"name\":\"Shop\",\"item\":\"https:\/\/fermentedfood.eu\/shop\/\"},{\"@type\":\"ListItem\",\"position\":3,\"name\":\"ZOE BUCKWHEAT organic fermented drink concentrate, 0.75 L\"}]}]}<\/script>\n<!-- \/ Yoast SEO plugin. -->","yoast_head_json":{"title":"ZOE BUCKWHEAT organic fermented drink concentrate, 0.75 L - EcoZOE","robots":{"index":"index","follow":"follow","max-snippet":"max-snippet:-1","max-image-preview":"max-image-preview:large","max-video-preview":"max-video-preview:-1"},"canonical":"https:\/\/fermentedfood.eu\/lt\/produktas\/zoe-buckwheat-organic-fermented-drink-concentrate-0-75-l\/","og_locale":"lt_LT","og_type":"article","og_title":"ZOE BUCKWHEAT organic fermented drink concentrate, 0.75 L - EcoZOE","og_description":"It is an organic, probiotic, fermented, biologically active beverage concentrate saturated with live good bacteria. There are up to 4 billion live good bacteria per gram of ZOE products. By comparison, unique ZOE products contain about 40 tons of kefir or yogurt. The distinctive feature of the product is an acidic medium with a natural smell and taste, perfectly adapted to the reproduction of good bacteria and the absorption of various useful substances, suitable for both adults and children. It is not for nothing that we say: ZOE - for great family well-being!","og_url":"https:\/\/fermentedfood.eu\/lt\/produktas\/zoe-buckwheat-organic-fermented-drink-concentrate-0-75-l\/","og_site_name":"EcoZOE","article_modified_time":"2026-01-10T14:23:21+00:00","og_image":[{"width":2500,"height":2500,"url":"http:\/\/fermentedfood.eu\/wp-content\/uploads\/2022\/03\/Grikiu.jpg","type":"image\/jpeg"}],"twitter_card":"summary_large_image","twitter_misc":{"Est. reading time":"1 minut\u0117"},"schema":{"@context":"https:\/\/schema.org","@graph":[{"@type":"Organization","@id":"https:\/\/fermentedfood.eu\/#organization","name":"EcoZOE","url":"https:\/\/fermentedfood.eu\/","sameAs":[],"logo":{"@type":"ImageObject","inLanguage":"lt-LT","@id":"https:\/\/fermentedfood.eu\/#\/schema\/logo\/image\/","url":"https:\/\/fermentedfood.eu\/wp-content\/uploads\/2023\/07\/363802608_728630809031050_7379004322932605791_n.jpg","contentUrl":"https:\/\/fermentedfood.eu\/wp-content\/uploads\/2023\/07\/363802608_728630809031050_7379004322932605791_n.jpg","width":832,"height":636,"caption":"EcoZOE"},"image":{"@id":"https:\/\/fermentedfood.eu\/#\/schema\/logo\/image\/"}},{"@type":"WebSite","@id":"https:\/\/fermentedfood.eu\/#website","url":"https:\/\/fermentedfood.eu\/","name":"EcoZOE","description":"ZOE products shop","publisher":{"@id":"https:\/\/fermentedfood.eu\/#organization"},"potentialAction":[{"@type":"SearchAction","target":{"@type":"EntryPoint","urlTemplate":"https:\/\/fermentedfood.eu\/?s={search_term_string}"},"query-input":"required name=search_term_string"}],"inLanguage":"lt-LT"},{"@type":"ImageObject","inLanguage":"lt-LT","@id":"https:\/\/fermentedfood.eu\/product\/zoe-buckwheat-organic-fermented-drink-concentrate-0-75-l\/#primaryimage","url":"https:\/\/fermentedfood.eu\/wp-content\/uploads\/2022\/03\/Grikiu.jpg","contentUrl":"https:\/\/fermentedfood.eu\/wp-content\/uploads\/2022\/03\/Grikiu.jpg","width":2500,"height":2500},{"@type":"WebPage","@id":"https:\/\/fermentedfood.eu\/product\/zoe-buckwheat-organic-fermented-drink-concentrate-0-75-l\/","url":"https:\/\/fermentedfood.eu\/product\/zoe-buckwheat-organic-fermented-drink-concentrate-0-75-l\/","name":"ZOE BUCKWHEAT organic fermented drink concentrate, 0.75 L - EcoZOE","isPartOf":{"@id":"https:\/\/fermentedfood.eu\/#website"},"primaryImageOfPage":{"@id":"https:\/\/fermentedfood.eu\/product\/zoe-buckwheat-organic-fermented-drink-concentrate-0-75-l\/#primaryimage"},"datePublished":"2022-03-29T19:15:53+00:00","dateModified":"2026-01-10T14:23:21+00:00","breadcrumb":{"@id":"https:\/\/fermentedfood.eu\/product\/zoe-buckwheat-organic-fermented-drink-concentrate-0-75-l\/#breadcrumb"},"inLanguage":"lt-LT","potentialAction":[{"@type":"ReadAction","target":["https:\/\/fermentedfood.eu\/product\/zoe-buckwheat-organic-fermented-drink-concentrate-0-75-l\/"]}]},{"@type":"BreadcrumbList","@id":"https:\/\/fermentedfood.eu\/product\/zoe-buckwheat-organic-fermented-drink-concentrate-0-75-l\/#breadcrumb","itemListElement":[{"@type":"ListItem","position":1,"name":"Home","item":"https:\/\/fermentedfood.eu\/"},{"@type":"ListItem","position":2,"name":"Shop","item":"https:\/\/fermentedfood.eu\/shop\/"},{"@type":"ListItem","position":3,"name":"ZOE BUCKWHEAT organic fermented drink concentrate, 0.75 L"}]}]}},"_links":{"self":[{"href":"https:\/\/fermentedfood.eu\/lt\/wp-json\/wp\/v2\/product\/5302"}],"collection":[{"href":"https:\/\/fermentedfood.eu\/lt\/wp-json\/wp\/v2\/product"}],"about":[{"href":"https:\/\/fermentedfood.eu\/lt\/wp-json\/wp\/v2\/types\/product"}],"replies":[{"embeddable":true,"href":"https:\/\/fermentedfood.eu\/lt\/wp-json\/wp\/v2\/comments?post=5302"}],"wp:featuredmedia":[{"embeddable":true,"href":"https:\/\/fermentedfood.eu\/lt\/wp-json\/wp\/v2\/media\/5870"}],"wp:attachment":[{"href":"https:\/\/fermentedfood.eu\/lt\/wp-json\/wp\/v2\/media?parent=5302"}],"wp:term":[{"taxonomy":"product_cat","embeddable":true,"href":"https:\/\/fermentedfood.eu\/lt\/wp-json\/wp\/v2\/product_cat?post=5302"},{"taxonomy":"product_tag","embeddable":true,"href":"https:\/\/fermentedfood.eu\/lt\/wp-json\/wp\/v2\/product_tag?post=5302"}],"curies":[{"name":"wp","href":"https:\/\/api.w.org\/{rel}","templated":true}]}}