{"id":5626,"date":"2023-02-01T09:31:02","date_gmt":"2023-02-01T09:31:02","guid":{"rendered":"https:\/\/fermentedfood.eu\/?post_type=product&#038;p=5626"},"modified":"2026-03-10T09:49:25","modified_gmt":"2026-03-10T09:49:25","slug":"namiko-fermentuotas-medaus-gerimo-koncentratas","status":"publish","type":"product","link":"https:\/\/fermentedfood.eu\/lt\/produktas\/namiko-fermentuotas-medaus-gerimo-koncentratas\/","title":{"rendered":"NAMIKO fermentuoto medaus g\u0117rimo koncentratas 0,75 L"},"content":{"rendered":"<p>Apra\u0161ymas<\/p>\n<p>NAMIKO fermentuoto medaus g\u0117rimo koncentratas yra r\u016bg\u0161taus skonio, jame gausu skaidulini\u0173 med\u017eiag\u0173 ir gyv\u0173 bei aktyvi\u0173 nauding\u0173 fermentuojan\u010di\u0173 mikroorganizm\u0173. Kokybe ir naudingais mikroorganizmais \u0161is fermentuotas koncentratas gerokai prana\u0161esnis u\u017e raugintus kop\u016bstus ar raugint\u0173 kop\u016bst\u0173 sultis ir kitus fermentuotus produktus. \u0160is probiotinis koncentratas yra be laktoz\u0117s, nepasterizuotas, nealkoholinis ir tinka tiek visavalgiams, tiek veganams. NAMIKO maist\u0105 ir probiotinius g\u0117rimus gali vartoti visa \u0161eima - suaugusieji ir vaikai. NAMIKO medaus fermentuot\u0173 g\u0117rim\u0173 koncentratas yra geriausias nauding\u0173j\u0173 mikroorganizm\u0173 koncentratas d\u0117l keli\u0173 prie\u017eas\u010di\u0173:<\/p>\n<p>\u0161iame probiotiniame g\u0117rime yra daug daugiau nauding\u0173 mikroorganizm\u0173, palyginti su raugintomis dar\u017eov\u0117mis ir kitais fermentuotais produktais;<br \/>\nNAMIKO sud\u0117tyje yra vis\u0173 m\u016bs\u0173 aplinkoje randam\u0173 nauding\u0173 mikroorganizm\u0173 padermi\u0173, dalyvaujan\u010di\u0173 fermentacijoje, tod\u0117l NAMIKO i\u0161siskiria i\u0161 vis\u0173 kit\u0173 fermentuot\u0173 produkt\u0173;<br \/>\nnaudingieji mikroorganizmai pradeda savo nauding\u0105 veikl\u0105 burnoje ir toliau t\u0119siasi visame vir\u0161kinamajame trakte vartojant probiotik\u0173 maist\u0105, pagamint\u0105 su NAMIKO.<\/p>\n<p>Vartojant antibiotikus arba po j\u0173 vartojimo ypa\u010d rekomenduojama valgyti NAMIKO probiotin\u012f maist\u0105, kad b\u016bt\u0173 atkurta sveika vir\u0161kinamojo trakto mikroflora.<\/p>\n<p>Kaip vartoti NAMIKO (nauding\u0173 mikroorganizm\u0173 koncentratus)?<\/p>\n<p>NAMIKO rekomenduojama vartoti su maistu arba probiotik\u0173 g\u0117rimu prie\u0161 kiekvien\u0105 valg\u012f - pusry\u010dius, pietus, vakarien\u0119.<\/p>\n<p>Probiotinis g\u0117rimas su NAMIKO: vartokite praskiest\u0105 g\u0117rime (sultyse, vandenyje, kompote) santykiu 1:40 (vienas arbatinis \u0161auk\u0161telis 200 ml stiklinei g\u0117rimo) arba \u012f g\u0117rimus \u012fmai\u0161ykite NAMIKO pagal skon\u012f - kad b\u016bt\u0173 malonus r\u016bg\u0161tus skonis. Vartoti kambario temperat\u016bros (saikingai) prie\u0161 valg\u012f.<\/p>\n<p>Rauginti maisto produktai: NAMIKO rekomenduojama d\u0117ti \u012f patiekalus (\u017ealiuosius kokteilius, pjaustytus\/trintus vaisius, dar\u017eoves, sriubas, ko\u0161es, salotas, pada\u017eus, blyn\u0173 te\u0161l\u0105, duon\u0105 ir kepinius). Maistas, \u012f kur\u012f dedama NAMIKO, turi b\u016bti ne per kar\u0161tas - iki 50 laipsni\u0173 (ma\u017edaug tokios temperat\u016bros, kad nenudegint\u0173 gomurio) ir nesunaikint\u0173 nauding\u0173j\u0173 mikroorganizm\u0173. Taip pat rekomenduojama NAMIKO d\u0117ti \u012f termi\u0161kai neapdorot\u0105 maist\u0105 ir leisti maistui kelet\u0105 valand\u0173 fermentuotis.<\/p>\n<p>Rauginti produktai: \u012evairios dar\u017eov\u0117s (agurkai, burok\u0117liai, morkos, kop\u016bstai, moli\u016bgai, pomidorai ir kt.), vaisiai (obuoliai, kriau\u0161\u0117s, slyvos ir kt.) ir g\u0117rimai (sultys ir kt.) taip pat gali b\u016bti rauginami naudojant NAMIKO probiotini\u0173 g\u0117rim\u0173 koncentrat\u0105. Vien\u0105 valgom\u0105j\u012f \u0161auk\u0161t\u0105 NAMIKO fermentuot\u0173 g\u0117rim\u0173 koncentrato \u012fpilkite \u012f vien\u0105 litr\u0105 vandens, pagal poreik\u012f pagardinkite prieskoniais ir sud\u0117kite produktus, kuriuos norite rauginti. Fermentuoti galima ir tokius g\u0117rimus kaip sultys. Taip paruo\u0161t\u0105 produkt\u0105 1-2 dienas reikia laikyti kambario temperat\u016broje, o po to - \u0161aldytuve (\u0161aldytuve, r\u016bsyje ir pan.). Rauginant kop\u016bstus, rekomenduojama taikyti \u012fprast\u0105 rauginimo b\u016bd\u0105 - kiekvien\u0105 kop\u016bst\u0173 sluoksn\u012f apibarstyti trupu\u010diu rauginto koncentrato. NAMIKO taip pat gali b\u016bti naudojamas kaip duonos ir pyrago te\u0161los raugas.<\/p>\n<p>Laikui b\u0117gant NAMIKO galima vartoti individualiai, atsi\u017evelgiant \u012f skon\u012f ir organizmo poreikius.<\/p>\n<p>Sud\u0117tis: vanduo, medus 10%, raugas.<\/p>\n<p>Maistin\u0117 vert\u0117 100 g: maistin\u0117 vert\u0117 100g: energin\u0117 vert\u0117 82 kJ \/ 19 kcal, riebal\u0173 0 g, i\u0161 j\u0173 so\u010di\u0173j\u0173 riebal\u0173 r\u016bg\u0161\u010di\u0173 0 g, angliavandeni\u0173 4,7 g, i\u0161 j\u0173 cukr\u0173 3,5 g, baltym\u0173 0,1 g, druskos 0,063 g.<\/p>\n<p>Galiojimo laikas: kaip nurodyta ant pakuot\u0117s. Atidaryt\u0105 produkt\u0105 laikyti \u0161aldytuve lengvai u\u017esuktoje taroje: atidaryto produkto tinkamumo vartoti terminas ne trumpesnis nei nurodyta ant pakuot\u0117s.<\/p>\n<p>Laikymo s\u0105lygos: rekomenduojama laikyti +2 - +18 laipsni\u0173 temperat\u016broje. Atidarius laikyti \u0161aldytuve su sandariai u\u017esuktu dangteliu, nes d\u0117l tolesni\u0173 fermentacijos proces\u0173 gali \u0161iek tiek i\u0161siskirti angliar\u016bg\u0161t\u0117s duj\u0173. Atidarius laikyti ne ilgiau, nei nurodyta etiket\u0117je.<\/p>\n<p>Grynasis kiekis: 750 ml.<\/p>\n<p>Gamintojas: 12, Vilnius, LT-02300).<\/p>\n<p>Kilm\u0117s \u0161alis: Lietuva<\/p>","protected":false},"excerpt":{"rendered":"<p>NAMIKO Fermentuoto medaus g\u0117rimo koncentratas yra ORIGINALUS gyv\u0173 ir aktyvi\u0173 nauding\u0173 mikroorganizm\u0173 koncentratas, sukurtas Ram\u016bno Ra\u010dkausko.<\/p>","protected":false},"featured_media":6326,"comment_status":"open","ping_status":"closed","template":"","meta":{"site-sidebar-layout":"default","site-content-layout":"default","ast-main-header-display":"","ast-hfb-above-header-display":"","ast-hfb-below-header-display":"","ast-hfb-mobile-header-display":"","site-post-title":"","ast-breadcrumbs-content":"","ast-featured-img":"","footer-sml-layout":"","theme-transparent-header-meta":"default","adv-header-id-meta":"","stick-header-meta":"","header-above-stick-meta":"","header-main-stick-meta":"","header-below-stick-meta":""},"product_cat":[53,36],"product_tag":[],"yoast_head":"<!-- This site is optimized with the Yoast SEO plugin v19.3 - https:\/\/yoast.com\/wordpress\/plugins\/seo\/ -->\n<title>NAMIKO Fermented HONEY drink concentrate 0,75 L - EcoZOE<\/title>\n<meta name=\"robots\" content=\"index, follow, max-snippet:-1, max-image-preview:large, max-video-preview:-1\" \/>\n<link rel=\"canonical\" href=\"https:\/\/fermentedfood.eu\/lt\/produktas\/namiko-fermentuotas-medaus-gerimo-koncentratas\/\" \/>\n<meta property=\"og:locale\" content=\"lt_LT\" \/>\n<meta property=\"og:type\" content=\"article\" \/>\n<meta property=\"og:title\" content=\"NAMIKO Fermented HONEY drink concentrate 0,75 L - EcoZOE\" \/>\n<meta property=\"og:description\" content=\"NAMIKO Fermented HONEY Drink Concentrate is an ORIGINAL concentrate of live and active beneficial microorganisms created by Ram\u016bnas Ra\u010dkauskas.\" \/>\n<meta property=\"og:url\" content=\"https:\/\/fermentedfood.eu\/lt\/produktas\/namiko-fermentuotas-medaus-gerimo-koncentratas\/\" \/>\n<meta property=\"og:site_name\" content=\"EcoZOE\" \/>\n<meta property=\"article:modified_time\" content=\"2026-03-10T09:49:25+00:00\" \/>\n<meta property=\"og:image\" content=\"http:\/\/fermentedfood.eu\/wp-content\/uploads\/2023\/02\/medaus2.png.webp\" \/>\n\t<meta property=\"og:image:width\" content=\"1024\" \/>\n\t<meta property=\"og:image:height\" content=\"1024\" \/>\n\t<meta property=\"og:image:type\" content=\"image\/webp\" \/>\n<meta name=\"twitter:card\" content=\"summary_large_image\" \/>\n<meta name=\"twitter:label1\" content=\"Est. reading time\" \/>\n\t<meta name=\"twitter:data1\" content=\"3 minut\u0117s\" \/>\n<script type=\"application\/ld+json\" class=\"yoast-schema-graph\">{\"@context\":\"https:\/\/schema.org\",\"@graph\":[{\"@type\":\"Organization\",\"@id\":\"https:\/\/fermentedfood.eu\/#organization\",\"name\":\"EcoZOE\",\"url\":\"https:\/\/fermentedfood.eu\/\",\"sameAs\":[],\"logo\":{\"@type\":\"ImageObject\",\"inLanguage\":\"lt-LT\",\"@id\":\"https:\/\/fermentedfood.eu\/#\/schema\/logo\/image\/\",\"url\":\"https:\/\/fermentedfood.eu\/wp-content\/uploads\/2023\/07\/363802608_728630809031050_7379004322932605791_n.jpg\",\"contentUrl\":\"https:\/\/fermentedfood.eu\/wp-content\/uploads\/2023\/07\/363802608_728630809031050_7379004322932605791_n.jpg\",\"width\":832,\"height\":636,\"caption\":\"EcoZOE\"},\"image\":{\"@id\":\"https:\/\/fermentedfood.eu\/#\/schema\/logo\/image\/\"}},{\"@type\":\"WebSite\",\"@id\":\"https:\/\/fermentedfood.eu\/#website\",\"url\":\"https:\/\/fermentedfood.eu\/\",\"name\":\"EcoZOE\",\"description\":\"ZOE products shop\",\"publisher\":{\"@id\":\"https:\/\/fermentedfood.eu\/#organization\"},\"potentialAction\":[{\"@type\":\"SearchAction\",\"target\":{\"@type\":\"EntryPoint\",\"urlTemplate\":\"https:\/\/fermentedfood.eu\/?s={search_term_string}\"},\"query-input\":\"required name=search_term_string\"}],\"inLanguage\":\"lt-LT\"},{\"@type\":\"ImageObject\",\"inLanguage\":\"lt-LT\",\"@id\":\"https:\/\/fermentedfood.eu\/product\/namiko-fermentuotas-medaus-gerimo-koncentratas\/#primaryimage\",\"url\":\"https:\/\/fermentedfood.eu\/wp-content\/uploads\/2023\/02\/medaus2.png.webp\",\"contentUrl\":\"https:\/\/fermentedfood.eu\/wp-content\/uploads\/2023\/02\/medaus2.png.webp\",\"width\":1024,\"height\":1024},{\"@type\":\"WebPage\",\"@id\":\"https:\/\/fermentedfood.eu\/product\/namiko-fermentuotas-medaus-gerimo-koncentratas\/\",\"url\":\"https:\/\/fermentedfood.eu\/product\/namiko-fermentuotas-medaus-gerimo-koncentratas\/\",\"name\":\"NAMIKO Fermented HONEY drink concentrate 0,75 L - EcoZOE\",\"isPartOf\":{\"@id\":\"https:\/\/fermentedfood.eu\/#website\"},\"primaryImageOfPage\":{\"@id\":\"https:\/\/fermentedfood.eu\/product\/namiko-fermentuotas-medaus-gerimo-koncentratas\/#primaryimage\"},\"datePublished\":\"2023-02-01T09:31:02+00:00\",\"dateModified\":\"2026-03-10T09:49:25+00:00\",\"breadcrumb\":{\"@id\":\"https:\/\/fermentedfood.eu\/product\/namiko-fermentuotas-medaus-gerimo-koncentratas\/#breadcrumb\"},\"inLanguage\":\"lt-LT\",\"potentialAction\":[{\"@type\":\"ReadAction\",\"target\":[\"https:\/\/fermentedfood.eu\/product\/namiko-fermentuotas-medaus-gerimo-koncentratas\/\"]}]},{\"@type\":\"BreadcrumbList\",\"@id\":\"https:\/\/fermentedfood.eu\/product\/namiko-fermentuotas-medaus-gerimo-koncentratas\/#breadcrumb\",\"itemListElement\":[{\"@type\":\"ListItem\",\"position\":1,\"name\":\"Home\",\"item\":\"https:\/\/fermentedfood.eu\/\"},{\"@type\":\"ListItem\",\"position\":2,\"name\":\"Shop\",\"item\":\"https:\/\/fermentedfood.eu\/shop\/\"},{\"@type\":\"ListItem\",\"position\":3,\"name\":\"NAMIKO Fermented HONEY drink concentrate 0,75 L\"}]}]}<\/script>\n<!-- \/ Yoast SEO plugin. -->","yoast_head_json":{"title":"NAMIKO Fermented HONEY drink concentrate 0,75 L - EcoZOE","robots":{"index":"index","follow":"follow","max-snippet":"max-snippet:-1","max-image-preview":"max-image-preview:large","max-video-preview":"max-video-preview:-1"},"canonical":"https:\/\/fermentedfood.eu\/lt\/produktas\/namiko-fermentuotas-medaus-gerimo-koncentratas\/","og_locale":"lt_LT","og_type":"article","og_title":"NAMIKO Fermented HONEY drink concentrate 0,75 L - EcoZOE","og_description":"NAMIKO Fermented HONEY Drink Concentrate is an ORIGINAL concentrate of live and active beneficial microorganisms created by Ram\u016bnas Ra\u010dkauskas.","og_url":"https:\/\/fermentedfood.eu\/lt\/produktas\/namiko-fermentuotas-medaus-gerimo-koncentratas\/","og_site_name":"EcoZOE","article_modified_time":"2026-03-10T09:49:25+00:00","og_image":[{"width":1024,"height":1024,"url":"http:\/\/fermentedfood.eu\/wp-content\/uploads\/2023\/02\/medaus2.png.webp","type":"image\/webp"}],"twitter_card":"summary_large_image","twitter_misc":{"Est. reading time":"3 minut\u0117s"},"schema":{"@context":"https:\/\/schema.org","@graph":[{"@type":"Organization","@id":"https:\/\/fermentedfood.eu\/#organization","name":"EcoZOE","url":"https:\/\/fermentedfood.eu\/","sameAs":[],"logo":{"@type":"ImageObject","inLanguage":"lt-LT","@id":"https:\/\/fermentedfood.eu\/#\/schema\/logo\/image\/","url":"https:\/\/fermentedfood.eu\/wp-content\/uploads\/2023\/07\/363802608_728630809031050_7379004322932605791_n.jpg","contentUrl":"https:\/\/fermentedfood.eu\/wp-content\/uploads\/2023\/07\/363802608_728630809031050_7379004322932605791_n.jpg","width":832,"height":636,"caption":"EcoZOE"},"image":{"@id":"https:\/\/fermentedfood.eu\/#\/schema\/logo\/image\/"}},{"@type":"WebSite","@id":"https:\/\/fermentedfood.eu\/#website","url":"https:\/\/fermentedfood.eu\/","name":"EcoZOE","description":"ZOE products shop","publisher":{"@id":"https:\/\/fermentedfood.eu\/#organization"},"potentialAction":[{"@type":"SearchAction","target":{"@type":"EntryPoint","urlTemplate":"https:\/\/fermentedfood.eu\/?s={search_term_string}"},"query-input":"required name=search_term_string"}],"inLanguage":"lt-LT"},{"@type":"ImageObject","inLanguage":"lt-LT","@id":"https:\/\/fermentedfood.eu\/product\/namiko-fermentuotas-medaus-gerimo-koncentratas\/#primaryimage","url":"https:\/\/fermentedfood.eu\/wp-content\/uploads\/2023\/02\/medaus2.png.webp","contentUrl":"https:\/\/fermentedfood.eu\/wp-content\/uploads\/2023\/02\/medaus2.png.webp","width":1024,"height":1024},{"@type":"WebPage","@id":"https:\/\/fermentedfood.eu\/product\/namiko-fermentuotas-medaus-gerimo-koncentratas\/","url":"https:\/\/fermentedfood.eu\/product\/namiko-fermentuotas-medaus-gerimo-koncentratas\/","name":"NAMIKO Fermented HONEY drink concentrate 0,75 L - EcoZOE","isPartOf":{"@id":"https:\/\/fermentedfood.eu\/#website"},"primaryImageOfPage":{"@id":"https:\/\/fermentedfood.eu\/product\/namiko-fermentuotas-medaus-gerimo-koncentratas\/#primaryimage"},"datePublished":"2023-02-01T09:31:02+00:00","dateModified":"2026-03-10T09:49:25+00:00","breadcrumb":{"@id":"https:\/\/fermentedfood.eu\/product\/namiko-fermentuotas-medaus-gerimo-koncentratas\/#breadcrumb"},"inLanguage":"lt-LT","potentialAction":[{"@type":"ReadAction","target":["https:\/\/fermentedfood.eu\/product\/namiko-fermentuotas-medaus-gerimo-koncentratas\/"]}]},{"@type":"BreadcrumbList","@id":"https:\/\/fermentedfood.eu\/product\/namiko-fermentuotas-medaus-gerimo-koncentratas\/#breadcrumb","itemListElement":[{"@type":"ListItem","position":1,"name":"Home","item":"https:\/\/fermentedfood.eu\/"},{"@type":"ListItem","position":2,"name":"Shop","item":"https:\/\/fermentedfood.eu\/shop\/"},{"@type":"ListItem","position":3,"name":"NAMIKO Fermented HONEY drink concentrate 0,75 L"}]}]}},"_links":{"self":[{"href":"https:\/\/fermentedfood.eu\/lt\/wp-json\/wp\/v2\/product\/5626"}],"collection":[{"href":"https:\/\/fermentedfood.eu\/lt\/wp-json\/wp\/v2\/product"}],"about":[{"href":"https:\/\/fermentedfood.eu\/lt\/wp-json\/wp\/v2\/types\/product"}],"replies":[{"embeddable":true,"href":"https:\/\/fermentedfood.eu\/lt\/wp-json\/wp\/v2\/comments?post=5626"}],"wp:featuredmedia":[{"embeddable":true,"href":"https:\/\/fermentedfood.eu\/lt\/wp-json\/wp\/v2\/media\/6326"}],"wp:attachment":[{"href":"https:\/\/fermentedfood.eu\/lt\/wp-json\/wp\/v2\/media?parent=5626"}],"wp:term":[{"taxonomy":"product_cat","embeddable":true,"href":"https:\/\/fermentedfood.eu\/lt\/wp-json\/wp\/v2\/product_cat?post=5626"},{"taxonomy":"product_tag","embeddable":true,"href":"https:\/\/fermentedfood.eu\/lt\/wp-json\/wp\/v2\/product_tag?post=5626"}],"curies":[{"name":"wp","href":"https:\/\/api.w.org\/{rel}","templated":true}]}}