{"id":5659,"date":"2023-02-02T12:42:50","date_gmt":"2023-02-02T12:42:50","guid":{"rendered":"https:\/\/fermentedfood.eu\/?post_type=product&#038;p=5659"},"modified":"2025-11-16T18:33:41","modified_gmt":"2025-11-16T18:33:41","slug":"zoe-oats-drink-concentrate-with-black-currant-0-75-l","status":"publish","type":"product","link":"https:\/\/fermentedfood.eu\/lt\/produktas\/zoe-oats-drink-concentrate-with-black-currant-0-75-l\/","title":{"rendered":"ZOE avi\u017e\u0173 g\u0117rimo koncentratas su juodaisiais serbentais, 0,75 l"},"content":{"rendered":"<p><strong>Sudedamosios dalys:<\/strong>\u00a0geriamasis vanduo, avi\u017einiai dribsniai* 18%, juod\u0173j\u0173 serbent\u0173 sultys 10%, r\u016bgpienis (biologi\u0161kai aktyvi\u0173 nauding\u0173j\u0173 bakterij\u0173 kult\u016bros: mezofilini\u0173 pieno r\u016bg\u0161ties bakterij\u0173 skai\u010dius - ne ma\u017eiau kaip 1\u00d710<sup>8<\/sup>\u00a0CFU\/ml, bifidobakterij\u0173 - ne ma\u017eiau kaip 1\u00d710<sup>8<\/sup>\u00a0CFU\/ml, Lactobacillus delbrueckii subsp bulgaricus - ne ma\u017eiau kaip 1\u00d710<sup>8<\/sup>\u00a0CFU\/ml, Streptococcus thermophilus - ne ma\u017eiau kaip 1\u00d710<sup>8<\/sup>\u00a0CFU\/ml), r\u016bg\u0161tingum\u0105 reguliuojanti med\u017eiaga natrio karbonatai.<br \/>\n<em>* Glitimo (alergeno) leistin\u0105 rib\u0105 ir kitus tyrimus galite rasti \u010dia:\u00a0<a href=\"https:\/\/www.ekozoe.lt\/wp-content\/uploads\/2022\/02\/Tyrimai.pdf\" target=\"_blank\" rel=\"noopener\">Testai<\/a><\/em><\/p>\n<p><strong>Maistin\u0117 vert\u0117 100 g produkto:<\/strong>\u00a0Energin\u0117 vert\u0117 285 kJ \/ 68 kcal, riebal\u0173 1,4 g, i\u0161 j\u0173 0,24 g so\u010di\u0173j\u0173 riebal\u0173 r\u016bg\u0161\u010di\u0173, 11,92 g angliavandeni\u0173, i\u0161 j\u0173 0,25 g cukr\u0173, 2,5 g baltym\u0173, 0,02 g druskos.<\/p>\n<p>ZOE koncentratai yra prisotinti gyv\u0173 ger\u0173j\u0173 bakterij\u0173, tod\u0117l ZOE vartojimas praturtins j\u016bs\u0173 kasdien\u0119 mityb\u0105.<\/p>\n<p>- Vartokite po vien\u0105 arbatin\u012f \u0161auk\u0161tel\u012f kiekvieno valgio metu: pusry\u010di\u0173, piet\u0173, vakarien\u0117s. Jei valgote da\u017eniau, ZOE vartokite da\u017eniau.<\/p>\n<p>- \u012emai\u0161ykite neskiesto koncentrato \u012f maist\u0105 (ko\u0161\u0119, sriub\u0105, salotas).<\/p>\n<p>- Arba pasigaminkite ZOE g\u0117rim\u0105: \u012f stiklin\u0119 vandens ar sul\u010di\u0173 \u012fpilkite vien\u0105 arbatin\u012f \u0161auk\u0161tel\u012f ZOE, i\u0161mai\u0161ykite ir i\u0161gerkite su maistu.<\/p>\n<p>Toliau pateikiamos kitos svarbios ZOE naudojimo taisykl\u0117s:<\/p>\n<p>- \u012e paruo\u0161tus patiekalus \u012fpilkite ZOE koncentrato, kai maistas atv\u0117s ir nesudegins skonio. Palaukite, kol maistas atv\u0117s bent iki 40 laipsni\u0173;<\/p>\n<p>- ZOE koncentrat\u0105 rekomenduojama i\u0161 anksto \u012fd\u0117ti \u012f \u017eali\u0105 maist\u0105 (mi\u0161raines, salotas, trintus vaisi\u0173 desertus ir pan.) ir leisti maistui fermentuotis.<\/p>\n<p><strong>SVARBU:<\/strong>\u00a0Rekomenduojama suvartoti per 45 dienas nuo buteliuko atidarymo.<\/p>","protected":false},"excerpt":{"rendered":"<p>Pristatome nauj\u0105 ZOE produkt\u0105 - fermentuot\u0105 avi\u017e\u0173 g\u0117rimo koncentrat\u0105, pagardint\u0105 juod\u0173j\u0173 serbent\u0173 sultimis. Tai ZOE linijos produktas, prisotintas gyv\u0173 ger\u0173j\u0173 bakterij\u0173.<\/p>","protected":false},"featured_media":5867,"comment_status":"open","ping_status":"closed","template":"","meta":{"site-sidebar-layout":"default","site-content-layout":"default","ast-main-header-display":"","ast-hfb-above-header-display":"","ast-hfb-below-header-display":"","ast-hfb-mobile-header-display":"","site-post-title":"","ast-breadcrumbs-content":"","ast-featured-img":"","footer-sml-layout":"","theme-transparent-header-meta":"default","adv-header-id-meta":"","stick-header-meta":"","header-above-stick-meta":"","header-main-stick-meta":"","header-below-stick-meta":""},"product_cat":[15,36],"product_tag":[],"yoast_head":"<!-- This site is optimized with the Yoast SEO plugin v19.3 - https:\/\/yoast.com\/wordpress\/plugins\/seo\/ -->\n<title>ZOE oats drink concentrate with BLACK CURRANT, 0.75 L - EcoZOE<\/title>\n<meta name=\"robots\" content=\"index, follow, max-snippet:-1, max-image-preview:large, max-video-preview:-1\" \/>\n<link rel=\"canonical\" href=\"https:\/\/fermentedfood.eu\/lt\/produktas\/zoe-oats-drink-concentrate-with-black-currant-0-75-l\/\" \/>\n<meta property=\"og:locale\" content=\"lt_LT\" \/>\n<meta property=\"og:type\" content=\"article\" \/>\n<meta property=\"og:title\" content=\"ZOE oats drink concentrate with BLACK CURRANT, 0.75 L - EcoZOE\" \/>\n<meta property=\"og:description\" content=\"Introducing a new ZOE product \u2013 a fermented oat drink concentrate flavored with black currant juice. It is a product of the ZOE line, saturated with live good bacteria.\" \/>\n<meta property=\"og:url\" content=\"https:\/\/fermentedfood.eu\/lt\/produktas\/zoe-oats-drink-concentrate-with-black-currant-0-75-l\/\" \/>\n<meta property=\"og:site_name\" content=\"EcoZOE\" \/>\n<meta property=\"article:modified_time\" content=\"2025-11-16T18:33:41+00:00\" \/>\n<meta property=\"og:image\" content=\"http:\/\/fermentedfood.eu\/wp-content\/uploads\/2023\/02\/Juoduju.jpg\" \/>\n\t<meta property=\"og:image:width\" content=\"2500\" \/>\n\t<meta property=\"og:image:height\" content=\"2500\" \/>\n\t<meta property=\"og:image:type\" content=\"image\/jpeg\" \/>\n<meta name=\"twitter:card\" content=\"summary_large_image\" \/>\n<meta name=\"twitter:label1\" content=\"Est. reading time\" \/>\n\t<meta name=\"twitter:data1\" content=\"2 minut\u0117s\" \/>\n<script type=\"application\/ld+json\" class=\"yoast-schema-graph\">{\"@context\":\"https:\/\/schema.org\",\"@graph\":[{\"@type\":\"Organization\",\"@id\":\"https:\/\/fermentedfood.eu\/#organization\",\"name\":\"EcoZOE\",\"url\":\"https:\/\/fermentedfood.eu\/\",\"sameAs\":[],\"logo\":{\"@type\":\"ImageObject\",\"inLanguage\":\"lt-LT\",\"@id\":\"https:\/\/fermentedfood.eu\/#\/schema\/logo\/image\/\",\"url\":\"https:\/\/fermentedfood.eu\/wp-content\/uploads\/2023\/07\/363802608_728630809031050_7379004322932605791_n.jpg\",\"contentUrl\":\"https:\/\/fermentedfood.eu\/wp-content\/uploads\/2023\/07\/363802608_728630809031050_7379004322932605791_n.jpg\",\"width\":832,\"height\":636,\"caption\":\"EcoZOE\"},\"image\":{\"@id\":\"https:\/\/fermentedfood.eu\/#\/schema\/logo\/image\/\"}},{\"@type\":\"WebSite\",\"@id\":\"https:\/\/fermentedfood.eu\/#website\",\"url\":\"https:\/\/fermentedfood.eu\/\",\"name\":\"EcoZOE\",\"description\":\"ZOE products shop\",\"publisher\":{\"@id\":\"https:\/\/fermentedfood.eu\/#organization\"},\"potentialAction\":[{\"@type\":\"SearchAction\",\"target\":{\"@type\":\"EntryPoint\",\"urlTemplate\":\"https:\/\/fermentedfood.eu\/?s={search_term_string}\"},\"query-input\":\"required name=search_term_string\"}],\"inLanguage\":\"lt-LT\"},{\"@type\":\"ImageObject\",\"inLanguage\":\"lt-LT\",\"@id\":\"https:\/\/fermentedfood.eu\/product\/zoe-oats-drink-concentrate-with-black-currant-0-75-l\/#primaryimage\",\"url\":\"https:\/\/fermentedfood.eu\/wp-content\/uploads\/2023\/02\/Juoduju.jpg\",\"contentUrl\":\"https:\/\/fermentedfood.eu\/wp-content\/uploads\/2023\/02\/Juoduju.jpg\",\"width\":2500,\"height\":2500},{\"@type\":\"WebPage\",\"@id\":\"https:\/\/fermentedfood.eu\/product\/zoe-oats-drink-concentrate-with-black-currant-0-75-l\/\",\"url\":\"https:\/\/fermentedfood.eu\/product\/zoe-oats-drink-concentrate-with-black-currant-0-75-l\/\",\"name\":\"ZOE oats drink concentrate with BLACK CURRANT, 0.75 L - EcoZOE\",\"isPartOf\":{\"@id\":\"https:\/\/fermentedfood.eu\/#website\"},\"primaryImageOfPage\":{\"@id\":\"https:\/\/fermentedfood.eu\/product\/zoe-oats-drink-concentrate-with-black-currant-0-75-l\/#primaryimage\"},\"datePublished\":\"2023-02-02T12:42:50+00:00\",\"dateModified\":\"2025-11-16T18:33:41+00:00\",\"breadcrumb\":{\"@id\":\"https:\/\/fermentedfood.eu\/product\/zoe-oats-drink-concentrate-with-black-currant-0-75-l\/#breadcrumb\"},\"inLanguage\":\"lt-LT\",\"potentialAction\":[{\"@type\":\"ReadAction\",\"target\":[\"https:\/\/fermentedfood.eu\/product\/zoe-oats-drink-concentrate-with-black-currant-0-75-l\/\"]}]},{\"@type\":\"BreadcrumbList\",\"@id\":\"https:\/\/fermentedfood.eu\/product\/zoe-oats-drink-concentrate-with-black-currant-0-75-l\/#breadcrumb\",\"itemListElement\":[{\"@type\":\"ListItem\",\"position\":1,\"name\":\"Home\",\"item\":\"https:\/\/fermentedfood.eu\/\"},{\"@type\":\"ListItem\",\"position\":2,\"name\":\"Shop\",\"item\":\"https:\/\/fermentedfood.eu\/shop\/\"},{\"@type\":\"ListItem\",\"position\":3,\"name\":\"ZOE oats drink concentrate with BLACK CURRANT, 0.75 L\"}]}]}<\/script>\n<!-- \/ Yoast SEO plugin. -->","yoast_head_json":{"title":"ZOE oats drink concentrate with BLACK CURRANT, 0.75 L - EcoZOE","robots":{"index":"index","follow":"follow","max-snippet":"max-snippet:-1","max-image-preview":"max-image-preview:large","max-video-preview":"max-video-preview:-1"},"canonical":"https:\/\/fermentedfood.eu\/lt\/produktas\/zoe-oats-drink-concentrate-with-black-currant-0-75-l\/","og_locale":"lt_LT","og_type":"article","og_title":"ZOE oats drink concentrate with BLACK CURRANT, 0.75 L - EcoZOE","og_description":"Introducing a new ZOE product \u2013 a fermented oat drink concentrate flavored with black currant juice. It is a product of the ZOE line, saturated with live good bacteria.","og_url":"https:\/\/fermentedfood.eu\/lt\/produktas\/zoe-oats-drink-concentrate-with-black-currant-0-75-l\/","og_site_name":"EcoZOE","article_modified_time":"2025-11-16T18:33:41+00:00","og_image":[{"width":2500,"height":2500,"url":"http:\/\/fermentedfood.eu\/wp-content\/uploads\/2023\/02\/Juoduju.jpg","type":"image\/jpeg"}],"twitter_card":"summary_large_image","twitter_misc":{"Est. reading time":"2 minut\u0117s"},"schema":{"@context":"https:\/\/schema.org","@graph":[{"@type":"Organization","@id":"https:\/\/fermentedfood.eu\/#organization","name":"EcoZOE","url":"https:\/\/fermentedfood.eu\/","sameAs":[],"logo":{"@type":"ImageObject","inLanguage":"lt-LT","@id":"https:\/\/fermentedfood.eu\/#\/schema\/logo\/image\/","url":"https:\/\/fermentedfood.eu\/wp-content\/uploads\/2023\/07\/363802608_728630809031050_7379004322932605791_n.jpg","contentUrl":"https:\/\/fermentedfood.eu\/wp-content\/uploads\/2023\/07\/363802608_728630809031050_7379004322932605791_n.jpg","width":832,"height":636,"caption":"EcoZOE"},"image":{"@id":"https:\/\/fermentedfood.eu\/#\/schema\/logo\/image\/"}},{"@type":"WebSite","@id":"https:\/\/fermentedfood.eu\/#website","url":"https:\/\/fermentedfood.eu\/","name":"EcoZOE","description":"ZOE products shop","publisher":{"@id":"https:\/\/fermentedfood.eu\/#organization"},"potentialAction":[{"@type":"SearchAction","target":{"@type":"EntryPoint","urlTemplate":"https:\/\/fermentedfood.eu\/?s={search_term_string}"},"query-input":"required name=search_term_string"}],"inLanguage":"lt-LT"},{"@type":"ImageObject","inLanguage":"lt-LT","@id":"https:\/\/fermentedfood.eu\/product\/zoe-oats-drink-concentrate-with-black-currant-0-75-l\/#primaryimage","url":"https:\/\/fermentedfood.eu\/wp-content\/uploads\/2023\/02\/Juoduju.jpg","contentUrl":"https:\/\/fermentedfood.eu\/wp-content\/uploads\/2023\/02\/Juoduju.jpg","width":2500,"height":2500},{"@type":"WebPage","@id":"https:\/\/fermentedfood.eu\/product\/zoe-oats-drink-concentrate-with-black-currant-0-75-l\/","url":"https:\/\/fermentedfood.eu\/product\/zoe-oats-drink-concentrate-with-black-currant-0-75-l\/","name":"ZOE oats drink concentrate with BLACK CURRANT, 0.75 L - EcoZOE","isPartOf":{"@id":"https:\/\/fermentedfood.eu\/#website"},"primaryImageOfPage":{"@id":"https:\/\/fermentedfood.eu\/product\/zoe-oats-drink-concentrate-with-black-currant-0-75-l\/#primaryimage"},"datePublished":"2023-02-02T12:42:50+00:00","dateModified":"2025-11-16T18:33:41+00:00","breadcrumb":{"@id":"https:\/\/fermentedfood.eu\/product\/zoe-oats-drink-concentrate-with-black-currant-0-75-l\/#breadcrumb"},"inLanguage":"lt-LT","potentialAction":[{"@type":"ReadAction","target":["https:\/\/fermentedfood.eu\/product\/zoe-oats-drink-concentrate-with-black-currant-0-75-l\/"]}]},{"@type":"BreadcrumbList","@id":"https:\/\/fermentedfood.eu\/product\/zoe-oats-drink-concentrate-with-black-currant-0-75-l\/#breadcrumb","itemListElement":[{"@type":"ListItem","position":1,"name":"Home","item":"https:\/\/fermentedfood.eu\/"},{"@type":"ListItem","position":2,"name":"Shop","item":"https:\/\/fermentedfood.eu\/shop\/"},{"@type":"ListItem","position":3,"name":"ZOE oats drink concentrate with BLACK CURRANT, 0.75 L"}]}]}},"_links":{"self":[{"href":"https:\/\/fermentedfood.eu\/lt\/wp-json\/wp\/v2\/product\/5659"}],"collection":[{"href":"https:\/\/fermentedfood.eu\/lt\/wp-json\/wp\/v2\/product"}],"about":[{"href":"https:\/\/fermentedfood.eu\/lt\/wp-json\/wp\/v2\/types\/product"}],"replies":[{"embeddable":true,"href":"https:\/\/fermentedfood.eu\/lt\/wp-json\/wp\/v2\/comments?post=5659"}],"wp:featuredmedia":[{"embeddable":true,"href":"https:\/\/fermentedfood.eu\/lt\/wp-json\/wp\/v2\/media\/5867"}],"wp:attachment":[{"href":"https:\/\/fermentedfood.eu\/lt\/wp-json\/wp\/v2\/media?parent=5659"}],"wp:term":[{"taxonomy":"product_cat","embeddable":true,"href":"https:\/\/fermentedfood.eu\/lt\/wp-json\/wp\/v2\/product_cat?post=5659"},{"taxonomy":"product_tag","embeddable":true,"href":"https:\/\/fermentedfood.eu\/lt\/wp-json\/wp\/v2\/product_tag?post=5659"}],"curies":[{"name":"wp","href":"https:\/\/api.w.org\/{rel}","templated":true}]}}