{"id":5817,"date":"2023-08-05T16:34:51","date_gmt":"2023-08-05T16:34:51","guid":{"rendered":"https:\/\/fermentedfood.eu\/?post_type=product&#038;p=5817"},"modified":"2026-03-10T09:48:11","modified_gmt":"2026-03-10T09:48:11","slug":"namiko-oats-drink-concentrate-with-sea-buckthorn-0-75-l-copy","status":"publish","type":"product","link":"https:\/\/fermentedfood.eu\/lt\/produktas\/namiko-oats-drink-concentrate-with-sea-buckthorn-0-75-l-copy\/","title":{"rendered":"NAMIKO oats drink concentrate with SEA BUCKTHORN, 0.75 L (Copy)"},"content":{"rendered":"<p><strong>Sudedamosios dalys:<\/strong> drinking water, oatmeal* 18%, sea buckthorn10%, sourdough (cultures of biologically active beneficial bacteria: the number of mesophilic lactic acid bacteria \u2013 at least 1\u00d710<sup>8<\/sup>\u00a0CFU\/ml, bifidobakterij\u0173 - ne ma\u017eiau kaip 1\u00d710<sup>8<\/sup>\u00a0CFU\/ml, Lactobacillus delbrueckii subsp bulgaricus - ne ma\u017eiau kaip 1\u00d710<sup>8<\/sup>\u00a0CFU\/ml, Streptococcus thermophilus - ne ma\u017eiau kaip 1\u00d710<sup>8<\/sup>\u00a0CFU\/ml), r\u016bg\u0161tingum\u0105 reguliuojanti med\u017eiaga natrio karbonatai.<br \/>\n<em>* Glitimo (alergeno) leistin\u0105 rib\u0105 ir kitus tyrimus galite rasti \u010dia:\u00a0<a href=\"https:\/\/www.ekozoe.lt\/wp-content\/uploads\/2022\/02\/Tyrimai.pdf\" target=\"_blank\" rel=\"noopener\">Testai<\/a><\/em><\/p>\n<p><strong>Maistin\u0117 vert\u0117 100 g produkto:<\/strong>\u00a0Energin\u0117 vert\u0117 285 kJ \/ 68 kcal, riebal\u0173 1,4 g, i\u0161 j\u0173 0,24 g so\u010di\u0173j\u0173 riebal\u0173 r\u016bg\u0161\u010di\u0173, 11,92 g angliavandeni\u0173, i\u0161 j\u0173 0,25 g cukr\u0173, 2,5 g baltym\u0173, 0,02 g druskos.<\/p>\n<p>NAMIKO\u00a0 concentrates are saturated with live good bacteria, so taking NAMIKO will enrich your daily diet.<\/p>\n<p>\u2013 Take one teaspoon with each meal: breakfast, lunch, dinner. If you eat more often, use NAMIKO more often.<\/p>\n<p>- \u012emai\u0161ykite neskiesto koncentrato \u012f maist\u0105 (ko\u0161\u0119, sriub\u0105, salotas).<\/p>\n<p>\u2013 Or make a NAMIKO drink: add one teaspoon of\u00a0 NAMIKOto a glass of water or juice, stir and drink with food.<\/p>\n<p>Here are some other important rules for using NAMIKO:<\/p>\n<p>\u2013 Add\u00a0 NAMIKOconcentrate to cooked dishes when the food has cooled down and will not burn on the palate. Wait for the food to cool to at least 40 degrees;<\/p>\n<p>\u2013 It is recommended to add\u00a0 NAMIKOconcentrate to raw foods (mixed foods, salads, mashed fruit desserts, etc.) in advance and allow the food to ferment.<\/p>\n<p><strong>SVARBU:<\/strong>\u00a0Rekomenduojama suvartoti per 45 dienas nuo buteliuko atidarymo.<\/p>","protected":false},"excerpt":{"rendered":"<p>Introducing a new NAMIKO product \u2013 a fermented oat drink concentrate flavored with sea buckthorn\u00a0 juice. It is a product of the\u00a0 NAMIKO line, saturated with live good bacteria.<\/p>","protected":false},"featured_media":6319,"comment_status":"open","ping_status":"closed","template":"","meta":{"site-sidebar-layout":"default","site-content-layout":"default","ast-main-header-display":"","ast-hfb-above-header-display":"","ast-hfb-below-header-display":"","ast-hfb-mobile-header-display":"","site-post-title":"","ast-breadcrumbs-content":"","ast-featured-img":"","footer-sml-layout":"","theme-transparent-header-meta":"default","adv-header-id-meta":"","stick-header-meta":"","header-above-stick-meta":"","header-main-stick-meta":"","header-below-stick-meta":""},"product_cat":[53,36],"product_tag":[],"yoast_head":"<!-- This site is optimized with the Yoast SEO plugin v19.3 - https:\/\/yoast.com\/wordpress\/plugins\/seo\/ -->\n<title>NAMIKO oats drink concentrate with SEA BUCKTHORN, 0.75 L (Copy) - EcoZOE<\/title>\n<meta name=\"robots\" content=\"index, follow, max-snippet:-1, max-image-preview:large, max-video-preview:-1\" \/>\n<link rel=\"canonical\" href=\"https:\/\/fermentedfood.eu\/lt\/produktas\/namiko-oats-drink-concentrate-with-sea-buckthorn-0-75-l-copy\/\" \/>\n<meta property=\"og:locale\" content=\"lt_LT\" \/>\n<meta property=\"og:type\" content=\"article\" \/>\n<meta property=\"og:title\" content=\"NAMIKO oats drink concentrate with SEA BUCKTHORN, 0.75 L (Copy) - EcoZOE\" \/>\n<meta property=\"og:description\" content=\"Introducing a new NAMIKO product \u2013 a fermented oat drink concentrate flavored with sea buckthorn\u00a0 juice. It is a product of the\u00a0 NAMIKO line, saturated with live good bacteria.\" \/>\n<meta property=\"og:url\" content=\"https:\/\/fermentedfood.eu\/lt\/produktas\/namiko-oats-drink-concentrate-with-sea-buckthorn-0-75-l-copy\/\" \/>\n<meta property=\"og:site_name\" content=\"EcoZOE\" \/>\n<meta property=\"article:modified_time\" content=\"2026-03-10T09:48:11+00:00\" \/>\n<meta property=\"og:image\" content=\"http:\/\/fermentedfood.eu\/wp-content\/uploads\/2023\/08\/saltalankiu2.png.webp\" \/>\n\t<meta property=\"og:image:width\" content=\"1024\" \/>\n\t<meta property=\"og:image:height\" content=\"1024\" \/>\n\t<meta property=\"og:image:type\" content=\"image\/webp\" \/>\n<meta name=\"twitter:card\" content=\"summary_large_image\" \/>\n<meta name=\"twitter:label1\" content=\"Est. reading time\" \/>\n\t<meta name=\"twitter:data1\" content=\"2 minut\u0117s\" \/>\n<script type=\"application\/ld+json\" class=\"yoast-schema-graph\">{\"@context\":\"https:\/\/schema.org\",\"@graph\":[{\"@type\":\"Organization\",\"@id\":\"https:\/\/fermentedfood.eu\/#organization\",\"name\":\"EcoZOE\",\"url\":\"https:\/\/fermentedfood.eu\/\",\"sameAs\":[],\"logo\":{\"@type\":\"ImageObject\",\"inLanguage\":\"lt-LT\",\"@id\":\"https:\/\/fermentedfood.eu\/#\/schema\/logo\/image\/\",\"url\":\"https:\/\/fermentedfood.eu\/wp-content\/uploads\/2023\/07\/363802608_728630809031050_7379004322932605791_n.jpg\",\"contentUrl\":\"https:\/\/fermentedfood.eu\/wp-content\/uploads\/2023\/07\/363802608_728630809031050_7379004322932605791_n.jpg\",\"width\":832,\"height\":636,\"caption\":\"EcoZOE\"},\"image\":{\"@id\":\"https:\/\/fermentedfood.eu\/#\/schema\/logo\/image\/\"}},{\"@type\":\"WebSite\",\"@id\":\"https:\/\/fermentedfood.eu\/#website\",\"url\":\"https:\/\/fermentedfood.eu\/\",\"name\":\"EcoZOE\",\"description\":\"ZOE products shop\",\"publisher\":{\"@id\":\"https:\/\/fermentedfood.eu\/#organization\"},\"potentialAction\":[{\"@type\":\"SearchAction\",\"target\":{\"@type\":\"EntryPoint\",\"urlTemplate\":\"https:\/\/fermentedfood.eu\/?s={search_term_string}\"},\"query-input\":\"required name=search_term_string\"}],\"inLanguage\":\"lt-LT\"},{\"@type\":\"ImageObject\",\"inLanguage\":\"lt-LT\",\"@id\":\"https:\/\/fermentedfood.eu\/product\/namiko-oats-drink-concentrate-with-sea-buckthorn-0-75-l-copy\/#primaryimage\",\"url\":\"https:\/\/fermentedfood.eu\/wp-content\/uploads\/2023\/08\/saltalankiu2.png.webp\",\"contentUrl\":\"https:\/\/fermentedfood.eu\/wp-content\/uploads\/2023\/08\/saltalankiu2.png.webp\",\"width\":1024,\"height\":1024},{\"@type\":\"WebPage\",\"@id\":\"https:\/\/fermentedfood.eu\/product\/namiko-oats-drink-concentrate-with-sea-buckthorn-0-75-l-copy\/\",\"url\":\"https:\/\/fermentedfood.eu\/product\/namiko-oats-drink-concentrate-with-sea-buckthorn-0-75-l-copy\/\",\"name\":\"NAMIKO oats drink concentrate with SEA BUCKTHORN, 0.75 L (Copy) - EcoZOE\",\"isPartOf\":{\"@id\":\"https:\/\/fermentedfood.eu\/#website\"},\"primaryImageOfPage\":{\"@id\":\"https:\/\/fermentedfood.eu\/product\/namiko-oats-drink-concentrate-with-sea-buckthorn-0-75-l-copy\/#primaryimage\"},\"datePublished\":\"2023-08-05T16:34:51+00:00\",\"dateModified\":\"2026-03-10T09:48:11+00:00\",\"breadcrumb\":{\"@id\":\"https:\/\/fermentedfood.eu\/product\/namiko-oats-drink-concentrate-with-sea-buckthorn-0-75-l-copy\/#breadcrumb\"},\"inLanguage\":\"lt-LT\",\"potentialAction\":[{\"@type\":\"ReadAction\",\"target\":[\"https:\/\/fermentedfood.eu\/product\/namiko-oats-drink-concentrate-with-sea-buckthorn-0-75-l-copy\/\"]}]},{\"@type\":\"BreadcrumbList\",\"@id\":\"https:\/\/fermentedfood.eu\/product\/namiko-oats-drink-concentrate-with-sea-buckthorn-0-75-l-copy\/#breadcrumb\",\"itemListElement\":[{\"@type\":\"ListItem\",\"position\":1,\"name\":\"Home\",\"item\":\"https:\/\/fermentedfood.eu\/\"},{\"@type\":\"ListItem\",\"position\":2,\"name\":\"Shop\",\"item\":\"https:\/\/fermentedfood.eu\/shop\/\"},{\"@type\":\"ListItem\",\"position\":3,\"name\":\"NAMIKO oats drink concentrate with SEA BUCKTHORN, 0.75 L (Copy)\"}]}]}<\/script>\n<!-- \/ Yoast SEO plugin. -->","yoast_head_json":{"title":"NAMIKO oats drink concentrate with SEA BUCKTHORN, 0.75 L (Copy) - EcoZOE","robots":{"index":"index","follow":"follow","max-snippet":"max-snippet:-1","max-image-preview":"max-image-preview:large","max-video-preview":"max-video-preview:-1"},"canonical":"https:\/\/fermentedfood.eu\/lt\/produktas\/namiko-oats-drink-concentrate-with-sea-buckthorn-0-75-l-copy\/","og_locale":"lt_LT","og_type":"article","og_title":"NAMIKO oats drink concentrate with SEA BUCKTHORN, 0.75 L (Copy) - EcoZOE","og_description":"Introducing a new NAMIKO product \u2013 a fermented oat drink concentrate flavored with sea buckthorn\u00a0 juice. It is a product of the\u00a0 NAMIKO line, saturated with live good bacteria.","og_url":"https:\/\/fermentedfood.eu\/lt\/produktas\/namiko-oats-drink-concentrate-with-sea-buckthorn-0-75-l-copy\/","og_site_name":"EcoZOE","article_modified_time":"2026-03-10T09:48:11+00:00","og_image":[{"width":1024,"height":1024,"url":"http:\/\/fermentedfood.eu\/wp-content\/uploads\/2023\/08\/saltalankiu2.png.webp","type":"image\/webp"}],"twitter_card":"summary_large_image","twitter_misc":{"Est. reading time":"2 minut\u0117s"},"schema":{"@context":"https:\/\/schema.org","@graph":[{"@type":"Organization","@id":"https:\/\/fermentedfood.eu\/#organization","name":"EcoZOE","url":"https:\/\/fermentedfood.eu\/","sameAs":[],"logo":{"@type":"ImageObject","inLanguage":"lt-LT","@id":"https:\/\/fermentedfood.eu\/#\/schema\/logo\/image\/","url":"https:\/\/fermentedfood.eu\/wp-content\/uploads\/2023\/07\/363802608_728630809031050_7379004322932605791_n.jpg","contentUrl":"https:\/\/fermentedfood.eu\/wp-content\/uploads\/2023\/07\/363802608_728630809031050_7379004322932605791_n.jpg","width":832,"height":636,"caption":"EcoZOE"},"image":{"@id":"https:\/\/fermentedfood.eu\/#\/schema\/logo\/image\/"}},{"@type":"WebSite","@id":"https:\/\/fermentedfood.eu\/#website","url":"https:\/\/fermentedfood.eu\/","name":"EcoZOE","description":"ZOE products shop","publisher":{"@id":"https:\/\/fermentedfood.eu\/#organization"},"potentialAction":[{"@type":"SearchAction","target":{"@type":"EntryPoint","urlTemplate":"https:\/\/fermentedfood.eu\/?s={search_term_string}"},"query-input":"required name=search_term_string"}],"inLanguage":"lt-LT"},{"@type":"ImageObject","inLanguage":"lt-LT","@id":"https:\/\/fermentedfood.eu\/product\/namiko-oats-drink-concentrate-with-sea-buckthorn-0-75-l-copy\/#primaryimage","url":"https:\/\/fermentedfood.eu\/wp-content\/uploads\/2023\/08\/saltalankiu2.png.webp","contentUrl":"https:\/\/fermentedfood.eu\/wp-content\/uploads\/2023\/08\/saltalankiu2.png.webp","width":1024,"height":1024},{"@type":"WebPage","@id":"https:\/\/fermentedfood.eu\/product\/namiko-oats-drink-concentrate-with-sea-buckthorn-0-75-l-copy\/","url":"https:\/\/fermentedfood.eu\/product\/namiko-oats-drink-concentrate-with-sea-buckthorn-0-75-l-copy\/","name":"NAMIKO oats drink concentrate with SEA BUCKTHORN, 0.75 L (Copy) - EcoZOE","isPartOf":{"@id":"https:\/\/fermentedfood.eu\/#website"},"primaryImageOfPage":{"@id":"https:\/\/fermentedfood.eu\/product\/namiko-oats-drink-concentrate-with-sea-buckthorn-0-75-l-copy\/#primaryimage"},"datePublished":"2023-08-05T16:34:51+00:00","dateModified":"2026-03-10T09:48:11+00:00","breadcrumb":{"@id":"https:\/\/fermentedfood.eu\/product\/namiko-oats-drink-concentrate-with-sea-buckthorn-0-75-l-copy\/#breadcrumb"},"inLanguage":"lt-LT","potentialAction":[{"@type":"ReadAction","target":["https:\/\/fermentedfood.eu\/product\/namiko-oats-drink-concentrate-with-sea-buckthorn-0-75-l-copy\/"]}]},{"@type":"BreadcrumbList","@id":"https:\/\/fermentedfood.eu\/product\/namiko-oats-drink-concentrate-with-sea-buckthorn-0-75-l-copy\/#breadcrumb","itemListElement":[{"@type":"ListItem","position":1,"name":"Home","item":"https:\/\/fermentedfood.eu\/"},{"@type":"ListItem","position":2,"name":"Shop","item":"https:\/\/fermentedfood.eu\/shop\/"},{"@type":"ListItem","position":3,"name":"NAMIKO oats drink concentrate with SEA BUCKTHORN, 0.75 L (Copy)"}]}]}},"_links":{"self":[{"href":"https:\/\/fermentedfood.eu\/lt\/wp-json\/wp\/v2\/product\/5817"}],"collection":[{"href":"https:\/\/fermentedfood.eu\/lt\/wp-json\/wp\/v2\/product"}],"about":[{"href":"https:\/\/fermentedfood.eu\/lt\/wp-json\/wp\/v2\/types\/product"}],"replies":[{"embeddable":true,"href":"https:\/\/fermentedfood.eu\/lt\/wp-json\/wp\/v2\/comments?post=5817"}],"wp:featuredmedia":[{"embeddable":true,"href":"https:\/\/fermentedfood.eu\/lt\/wp-json\/wp\/v2\/media\/6319"}],"wp:attachment":[{"href":"https:\/\/fermentedfood.eu\/lt\/wp-json\/wp\/v2\/media?parent=5817"}],"wp:term":[{"taxonomy":"product_cat","embeddable":true,"href":"https:\/\/fermentedfood.eu\/lt\/wp-json\/wp\/v2\/product_cat?post=5817"},{"taxonomy":"product_tag","embeddable":true,"href":"https:\/\/fermentedfood.eu\/lt\/wp-json\/wp\/v2\/product_tag?post=5817"}],"curies":[{"name":"wp","href":"https:\/\/api.w.org\/{rel}","templated":true}]}}